{"id":36057,"date":"2025-12-17T03:45:58","date_gmt":"2025-12-17T03:45:58","guid":{"rendered":"https:\/\/www.truecommerce.com\/loesning\/edi-onboard-suppliers\/"},"modified":"2026-03-11T09:01:24","modified_gmt":"2026-03-11T09:01:24","slug":"edi-onboard-suppliers","status":"publish","type":"page","link":"https:\/\/www.truecommerce.com\/da\/loesninger\/edi-onboard-leverandoerer\/","title":{"rendered":"Onboard Suppliers"},"content":{"rendered":"","protected":false},"excerpt":{"rendered":"","protected":false},"author":1,"featured_media":0,"parent":35198,"menu_order":0,"comment_status":"closed","ping_status":"closed","template":"","meta":{"_acf_changed":false,"footnotes":""},"class_list":["post-36057","page","type-page","status-publish","hentry"],"acf":[],"yoast_head":"<!-- This site is optimized with the Yoast SEO Premium plugin v27.4 (Yoast SEO v27.4) - https:\/\/yoast.com\/product\/yoast-seo-premium-wordpress\/ -->\n<title>Onboarding og aktivering af EDI-leverand\u00f8rer | TrueCommerce<\/title>\n<meta name=\"description\" content=\"Vi forenkler onboarding af EDI-leverand\u00f8rer med ekspertops\u00e6tning, test og overholdelse af regler for at forbedre effektiviteten af \u200b\u200bdin forsyningsk\u00e6de.\" \/>\n<meta name=\"robots\" content=\"index, follow, max-snippet:-1, max-image-preview:large, max-video-preview:-1\" \/>\n<link rel=\"canonical\" href=\"https:\/\/www.truecommerce.com\/da\/loesninger\/edi-onboard-leverandoerer\/\" \/>\n<meta property=\"og:locale\" content=\"da_DK\" \/>\n<meta property=\"og:type\" content=\"article\" \/>\n<meta property=\"og:title\" content=\"Onboard Suppliers\" \/>\n<meta property=\"og:description\" content=\"Vi forenkler onboarding af EDI-leverand\u00f8rer med ekspertops\u00e6tning, test og overholdelse af regler for at forbedre effektiviteten af \u200b\u200bdin forsyningsk\u00e6de.\" \/>\n<meta property=\"og:url\" content=\"https:\/\/www.truecommerce.com\/da\/loesninger\/edi-onboard-leverandoerer\/\" \/>\n<meta property=\"og:site_name\" content=\"TrueCommerce\" \/>\n<meta property=\"article:publisher\" content=\"https:\/\/www.facebook.com\/TrueCommerce\" \/>\n<meta property=\"article:modified_time\" content=\"2026-03-11T09:01:24+00:00\" \/>\n<meta property=\"og:image\" content=\"https:\/\/www.truecommerce.com\/wp-content\/uploads\/2026\/03\/LinkedIn_Personal-Profile_Dark_1584x396px_WithLogo.jpg\" \/>\n\t<meta property=\"og:image:width\" content=\"1584\" \/>\n\t<meta property=\"og:image:height\" content=\"396\" \/>\n\t<meta property=\"og:image:type\" content=\"image\/jpeg\" \/>\n<meta name=\"twitter:card\" content=\"summary_large_image\" \/>\n<meta name=\"twitter:site\" content=\"@TrueCommerce\" \/>\n<script type=\"application\/ld+json\" class=\"yoast-schema-graph\">{\"@context\":\"https:\\\/\\\/schema.org\",\"@graph\":[{\"@type\":\"WebPage\",\"@id\":\"https:\\\/\\\/www.truecommerce.com\\\/da\\\/loesninger\\\/edi-onboard-leverandoerer\\\/\",\"url\":\"https:\\\/\\\/www.truecommerce.com\\\/da\\\/loesninger\\\/edi-onboard-leverandoerer\\\/\",\"name\":\"Onboarding og aktivering af EDI-leverand\u00f8rer | TrueCommerce\",\"isPartOf\":{\"@id\":\"https:\\\/\\\/www.truecommerce.com\\\/da\\\/#website\"},\"datePublished\":\"2025-12-17T03:45:58+00:00\",\"dateModified\":\"2026-03-11T09:01:24+00:00\",\"description\":\"Vi forenkler onboarding af EDI-leverand\u00f8rer med ekspertops\u00e6tning, test og overholdelse af regler for at forbedre effektiviteten af \u200b\u200bdin forsyningsk\u00e6de.\",\"breadcrumb\":{\"@id\":\"https:\\\/\\\/www.truecommerce.com\\\/da\\\/loesninger\\\/edi-onboard-leverandoerer\\\/#breadcrumb\"},\"inLanguage\":\"da-DK\",\"potentialAction\":[{\"@type\":\"ReadAction\",\"target\":[\"https:\\\/\\\/www.truecommerce.com\\\/da\\\/loesninger\\\/edi-onboard-leverandoerer\\\/\"]}]},{\"@type\":\"BreadcrumbList\",\"@id\":\"https:\\\/\\\/www.truecommerce.com\\\/da\\\/loesninger\\\/edi-onboard-leverandoerer\\\/#breadcrumb\",\"itemListElement\":[{\"@type\":\"ListItem\",\"position\":1,\"name\":\"Home\",\"item\":\"https:\\\/\\\/www.truecommerce.com\\\/da\\\/\"},{\"@type\":\"ListItem\",\"position\":2,\"name\":\"Solutions\",\"item\":\"https:\\\/\\\/www.truecommerce.com\\\/da\\\/loesninger\\\/\"},{\"@type\":\"ListItem\",\"position\":3,\"name\":\"Onboard Suppliers\"}]},{\"@type\":\"WebSite\",\"@id\":\"https:\\\/\\\/www.truecommerce.com\\\/da\\\/#website\",\"url\":\"https:\\\/\\\/www.truecommerce.com\\\/da\\\/\",\"name\":\"TrueCommerce\",\"description\":\"\",\"publisher\":{\"@id\":\"https:\\\/\\\/www.truecommerce.com\\\/da\\\/#organization\"},\"potentialAction\":[{\"@type\":\"SearchAction\",\"target\":{\"@type\":\"EntryPoint\",\"urlTemplate\":\"https:\\\/\\\/www.truecommerce.com\\\/da\\\/?s={search_term_string}\"},\"query-input\":{\"@type\":\"PropertyValueSpecification\",\"valueRequired\":true,\"valueName\":\"search_term_string\"}}],\"inLanguage\":\"da-DK\"},{\"@type\":\"Organization\",\"@id\":\"https:\\\/\\\/www.truecommerce.com\\\/da\\\/#organization\",\"name\":\"TrueCommerce\",\"url\":\"https:\\\/\\\/www.truecommerce.com\\\/da\\\/\",\"logo\":{\"@type\":\"ImageObject\",\"inLanguage\":\"da-DK\",\"@id\":\"https:\\\/\\\/www.truecommerce.com\\\/da\\\/#\\\/schema\\\/logo\\\/image\\\/\",\"url\":\"https:\\\/\\\/www.truecommerce.com\\\/wp-content\\\/uploads\\\/2025\\\/12\\\/Icon_TrueCommerce-Logo_With-Border-and-Background.png\",\"contentUrl\":\"https:\\\/\\\/www.truecommerce.com\\\/wp-content\\\/uploads\\\/2025\\\/12\\\/Icon_TrueCommerce-Logo_With-Border-and-Background.png\",\"width\":1200,\"height\":1200,\"caption\":\"TrueCommerce\"},\"image\":{\"@id\":\"https:\\\/\\\/www.truecommerce.com\\\/da\\\/#\\\/schema\\\/logo\\\/image\\\/\"},\"sameAs\":[\"https:\\\/\\\/www.facebook.com\\\/TrueCommerce\",\"https:\\\/\\\/x.com\\\/TrueCommerce\",\"https:\\\/\\\/www.linkedin.com\\\/company\\\/truecommerce\",\"https:\\\/\\\/www.instagram.com\\\/truecommerce\\\/\"],\"description\":\"At TrueCommerce, we help businesses connect, automate, and grow, faster. Our mission is to drive customer success through innovation, speed, and a seamless, end-to-end experience.\",\"legalName\":\"TrueCommerce\"}]}<\/script>\n<!-- \/ Yoast SEO Premium plugin. -->","yoast_head_json":{"title":"Onboarding og aktivering af EDI-leverand\u00f8rer | TrueCommerce","description":"Vi forenkler onboarding af EDI-leverand\u00f8rer med ekspertops\u00e6tning, test og overholdelse af regler for at forbedre effektiviteten af \u200b\u200bdin forsyningsk\u00e6de.","robots":{"index":"index","follow":"follow","max-snippet":"max-snippet:-1","max-image-preview":"max-image-preview:large","max-video-preview":"max-video-preview:-1"},"canonical":"https:\/\/www.truecommerce.com\/da\/loesninger\/edi-onboard-leverandoerer\/","og_locale":"da_DK","og_type":"article","og_title":"Onboard Suppliers","og_description":"Vi forenkler onboarding af EDI-leverand\u00f8rer med ekspertops\u00e6tning, test og overholdelse af regler for at forbedre effektiviteten af \u200b\u200bdin forsyningsk\u00e6de.","og_url":"https:\/\/www.truecommerce.com\/da\/loesninger\/edi-onboard-leverandoerer\/","og_site_name":"TrueCommerce","article_publisher":"https:\/\/www.facebook.com\/TrueCommerce","article_modified_time":"2026-03-11T09:01:24+00:00","og_image":[{"width":1584,"height":396,"url":"https:\/\/www.truecommerce.com\/wp-content\/uploads\/2026\/03\/LinkedIn_Personal-Profile_Dark_1584x396px_WithLogo.jpg","type":"image\/jpeg"}],"twitter_card":"summary_large_image","twitter_site":"@TrueCommerce","schema":{"@context":"https:\/\/schema.org","@graph":[{"@type":"WebPage","@id":"https:\/\/www.truecommerce.com\/da\/loesninger\/edi-onboard-leverandoerer\/","url":"https:\/\/www.truecommerce.com\/da\/loesninger\/edi-onboard-leverandoerer\/","name":"Onboarding og aktivering af EDI-leverand\u00f8rer | TrueCommerce","isPartOf":{"@id":"https:\/\/www.truecommerce.com\/da\/#website"},"datePublished":"2025-12-17T03:45:58+00:00","dateModified":"2026-03-11T09:01:24+00:00","description":"Vi forenkler onboarding af EDI-leverand\u00f8rer med ekspertops\u00e6tning, test og overholdelse af regler for at forbedre effektiviteten af \u200b\u200bdin forsyningsk\u00e6de.","breadcrumb":{"@id":"https:\/\/www.truecommerce.com\/da\/loesninger\/edi-onboard-leverandoerer\/#breadcrumb"},"inLanguage":"da-DK","potentialAction":[{"@type":"ReadAction","target":["https:\/\/www.truecommerce.com\/da\/loesninger\/edi-onboard-leverandoerer\/"]}]},{"@type":"BreadcrumbList","@id":"https:\/\/www.truecommerce.com\/da\/loesninger\/edi-onboard-leverandoerer\/#breadcrumb","itemListElement":[{"@type":"ListItem","position":1,"name":"Home","item":"https:\/\/www.truecommerce.com\/da\/"},{"@type":"ListItem","position":2,"name":"Solutions","item":"https:\/\/www.truecommerce.com\/da\/loesninger\/"},{"@type":"ListItem","position":3,"name":"Onboard Suppliers"}]},{"@type":"WebSite","@id":"https:\/\/www.truecommerce.com\/da\/#website","url":"https:\/\/www.truecommerce.com\/da\/","name":"TrueCommerce","description":"","publisher":{"@id":"https:\/\/www.truecommerce.com\/da\/#organization"},"potentialAction":[{"@type":"SearchAction","target":{"@type":"EntryPoint","urlTemplate":"https:\/\/www.truecommerce.com\/da\/?s={search_term_string}"},"query-input":{"@type":"PropertyValueSpecification","valueRequired":true,"valueName":"search_term_string"}}],"inLanguage":"da-DK"},{"@type":"Organization","@id":"https:\/\/www.truecommerce.com\/da\/#organization","name":"TrueCommerce","url":"https:\/\/www.truecommerce.com\/da\/","logo":{"@type":"ImageObject","inLanguage":"da-DK","@id":"https:\/\/www.truecommerce.com\/da\/#\/schema\/logo\/image\/","url":"https:\/\/www.truecommerce.com\/wp-content\/uploads\/2025\/12\/Icon_TrueCommerce-Logo_With-Border-and-Background.png","contentUrl":"https:\/\/www.truecommerce.com\/wp-content\/uploads\/2025\/12\/Icon_TrueCommerce-Logo_With-Border-and-Background.png","width":1200,"height":1200,"caption":"TrueCommerce"},"image":{"@id":"https:\/\/www.truecommerce.com\/da\/#\/schema\/logo\/image\/"},"sameAs":["https:\/\/www.facebook.com\/TrueCommerce","https:\/\/x.com\/TrueCommerce","https:\/\/www.linkedin.com\/company\/truecommerce","https:\/\/www.instagram.com\/truecommerce\/"],"description":"At TrueCommerce, we help businesses connect, automate, and grow, faster. Our mission is to drive customer success through innovation, speed, and a seamless, end-to-end experience.","legalName":"TrueCommerce"}]}},"_links":{"self":[{"href":"https:\/\/www.truecommerce.com\/da\/wp-json\/wp\/v2\/pages\/36057","targetHints":{"allow":["GET"]}}],"collection":[{"href":"https:\/\/www.truecommerce.com\/da\/wp-json\/wp\/v2\/pages"}],"about":[{"href":"https:\/\/www.truecommerce.com\/da\/wp-json\/wp\/v2\/types\/page"}],"author":[{"embeddable":true,"href":"https:\/\/www.truecommerce.com\/da\/wp-json\/wp\/v2\/users\/1"}],"replies":[{"embeddable":true,"href":"https:\/\/www.truecommerce.com\/da\/wp-json\/wp\/v2\/comments?post=36057"}],"version-history":[{"count":0,"href":"https:\/\/www.truecommerce.com\/da\/wp-json\/wp\/v2\/pages\/36057\/revisions"}],"up":[{"embeddable":true,"href":"https:\/\/www.truecommerce.com\/da\/wp-json\/wp\/v2\/pages\/35198"}],"wp:attachment":[{"href":"https:\/\/www.truecommerce.com\/da\/wp-json\/wp\/v2\/media?parent=36057"}],"curies":[{"name":"wp","href":"https:\/\/api.w.org\/{rel}","templated":true}]}}