{"id":44771,"date":"2025-12-17T20:48:47","date_gmt":"2025-12-17T20:48:47","guid":{"rendered":"https:\/\/www.truecommerce.com\/products\/vmi-software\/scan-based-trading\/"},"modified":"2026-04-30T14:20:14","modified_gmt":"2026-04-30T14:20:14","slug":"scan-based-trading","status":"publish","type":"page","link":"https:\/\/www.truecommerce.com\/de\/produkte\/vmi-software\/scan-based-trading\/","title":{"rendered":"Scan Based Trading"},"content":{"rendered":"","protected":false},"excerpt":{"rendered":"","protected":false},"author":6,"featured_media":0,"parent":35194,"menu_order":0,"comment_status":"closed","ping_status":"closed","template":"","meta":{"_acf_changed":false,"footnotes":""},"class_list":["post-44771","page","type-page","status-publish","hentry"],"acf":[],"yoast_head":"<!-- This site is optimized with the Yoast SEO Premium plugin v27.4 (Yoast SEO v27.4) - https:\/\/yoast.com\/product\/yoast-seo-premium-wordpress\/ -->\n<title>Scan-Based-Trading-Software f\u00fcr Einzelhandel und VMI | TrueCommerce<\/title>\n<meta name=\"description\" content=\"Scan Based Trading erm\u00f6glicht es Einzelh\u00e4ndlern, auf Vorabkosten f\u00fcr den Bestand zu verzichten, da sie Lieferanten erst dann bezahlen, wenn ein Artikel verkauft wird. Lieferanten erhalten mehr Kontrolle \u00fcber die gelagerten Best\u00e4nde, da ihnen Point of Sale Daten der Einzelh\u00e4ndler zur Verf\u00fcgung stehen.\" \/>\n<meta name=\"robots\" content=\"index, follow, max-snippet:-1, max-image-preview:large, max-video-preview:-1\" \/>\n<link rel=\"canonical\" href=\"https:\/\/www.truecommerce.com\/de\/produkte\/vmi-software\/scan-based-trading\/\" \/>\n<meta property=\"og:locale\" content=\"de_DE\" \/>\n<meta property=\"og:type\" content=\"article\" \/>\n<meta property=\"og:title\" content=\"Scan Based Trading\" \/>\n<meta property=\"og:description\" content=\"Scan Based Trading erm\u00f6glicht es Einzelh\u00e4ndlern, auf Vorabkosten f\u00fcr den Bestand zu verzichten, da sie Lieferanten erst dann bezahlen, wenn ein Artikel verkauft wird. Lieferanten erhalten mehr Kontrolle \u00fcber die gelagerten Best\u00e4nde, da ihnen Point of Sale Daten der Einzelh\u00e4ndler zur Verf\u00fcgung stehen.\" \/>\n<meta property=\"og:url\" content=\"https:\/\/www.truecommerce.com\/de\/produkte\/vmi-software\/scan-based-trading\/\" \/>\n<meta property=\"og:site_name\" content=\"TrueCommerce\" \/>\n<meta property=\"article:publisher\" content=\"https:\/\/www.facebook.com\/TrueCommerce\" \/>\n<meta property=\"article:modified_time\" content=\"2026-04-30T14:20:14+00:00\" \/>\n<meta property=\"og:image\" content=\"https:\/\/www.truecommerce.com\/wp-content\/uploads\/2026\/03\/LinkedIn_Personal-Profile_Dark_1584x396px_WithLogo.jpg\" \/>\n\t<meta property=\"og:image:width\" content=\"1584\" \/>\n\t<meta property=\"og:image:height\" content=\"396\" \/>\n\t<meta property=\"og:image:type\" content=\"image\/jpeg\" \/>\n<meta name=\"twitter:card\" content=\"summary_large_image\" \/>\n<meta name=\"twitter:site\" content=\"@TrueCommerce\" \/>\n<script type=\"application\/ld+json\" class=\"yoast-schema-graph\">{\"@context\":\"https:\\\/\\\/schema.org\",\"@graph\":[{\"@type\":\"WebPage\",\"@id\":\"https:\\\/\\\/www.truecommerce.com\\\/de\\\/produkte\\\/vmi-software\\\/scan-based-trading\\\/\",\"url\":\"https:\\\/\\\/www.truecommerce.com\\\/de\\\/produkte\\\/vmi-software\\\/scan-based-trading\\\/\",\"name\":\"Scan-Based-Trading-Software f\u00fcr Einzelhandel und VMI | TrueCommerce\",\"isPartOf\":{\"@id\":\"https:\\\/\\\/www.truecommerce.com\\\/de\\\/#website\"},\"datePublished\":\"2025-12-17T20:48:47+00:00\",\"dateModified\":\"2026-04-30T14:20:14+00:00\",\"description\":\"Scan Based Trading erm\u00f6glicht es Einzelh\u00e4ndlern, auf Vorabkosten f\u00fcr den Bestand zu verzichten, da sie Lieferanten erst dann bezahlen, wenn ein Artikel verkauft wird. Lieferanten erhalten mehr Kontrolle \u00fcber die gelagerten Best\u00e4nde, da ihnen Point of Sale Daten der Einzelh\u00e4ndler zur Verf\u00fcgung stehen.\",\"breadcrumb\":{\"@id\":\"https:\\\/\\\/www.truecommerce.com\\\/de\\\/produkte\\\/vmi-software\\\/scan-based-trading\\\/#breadcrumb\"},\"inLanguage\":\"de\",\"potentialAction\":[{\"@type\":\"ReadAction\",\"target\":[\"https:\\\/\\\/www.truecommerce.com\\\/de\\\/produkte\\\/vmi-software\\\/scan-based-trading\\\/\"]}]},{\"@type\":\"BreadcrumbList\",\"@id\":\"https:\\\/\\\/www.truecommerce.com\\\/de\\\/produkte\\\/vmi-software\\\/scan-based-trading\\\/#breadcrumb\",\"itemListElement\":[{\"@type\":\"ListItem\",\"position\":1,\"name\":\"Home\",\"item\":\"https:\\\/\\\/www.truecommerce.com\\\/de\\\/\"},{\"@type\":\"ListItem\",\"position\":2,\"name\":\"Produkte\",\"item\":\"https:\\\/\\\/www.truecommerce.com\\\/de\\\/products\\\/\"},{\"@type\":\"ListItem\",\"position\":3,\"name\":\"VMI Platform\",\"item\":\"https:\\\/\\\/www.truecommerce.com\\\/de\\\/produkte\\\/vmi-software\\\/\"},{\"@type\":\"ListItem\",\"position\":4,\"name\":\"Scan Based Trading\"}]},{\"@type\":\"WebSite\",\"@id\":\"https:\\\/\\\/www.truecommerce.com\\\/de\\\/#website\",\"url\":\"https:\\\/\\\/www.truecommerce.com\\\/de\\\/\",\"name\":\"TrueCommerce\",\"description\":\"\",\"publisher\":{\"@id\":\"https:\\\/\\\/www.truecommerce.com\\\/de\\\/#organization\"},\"potentialAction\":[{\"@type\":\"SearchAction\",\"target\":{\"@type\":\"EntryPoint\",\"urlTemplate\":\"https:\\\/\\\/www.truecommerce.com\\\/de\\\/?s={search_term_string}\"},\"query-input\":{\"@type\":\"PropertyValueSpecification\",\"valueRequired\":true,\"valueName\":\"search_term_string\"}}],\"inLanguage\":\"de\"},{\"@type\":\"Organization\",\"@id\":\"https:\\\/\\\/www.truecommerce.com\\\/de\\\/#organization\",\"name\":\"TrueCommerce\",\"url\":\"https:\\\/\\\/www.truecommerce.com\\\/de\\\/\",\"logo\":{\"@type\":\"ImageObject\",\"inLanguage\":\"de\",\"@id\":\"https:\\\/\\\/www.truecommerce.com\\\/de\\\/#\\\/schema\\\/logo\\\/image\\\/\",\"url\":\"https:\\\/\\\/www.truecommerce.com\\\/wp-content\\\/uploads\\\/2025\\\/12\\\/Icon_TrueCommerce-Logo_With-Border-and-Background.png\",\"contentUrl\":\"https:\\\/\\\/www.truecommerce.com\\\/wp-content\\\/uploads\\\/2025\\\/12\\\/Icon_TrueCommerce-Logo_With-Border-and-Background.png\",\"width\":1200,\"height\":1200,\"caption\":\"TrueCommerce\"},\"image\":{\"@id\":\"https:\\\/\\\/www.truecommerce.com\\\/de\\\/#\\\/schema\\\/logo\\\/image\\\/\"},\"sameAs\":[\"https:\\\/\\\/www.facebook.com\\\/TrueCommerce\",\"https:\\\/\\\/x.com\\\/TrueCommerce\",\"https:\\\/\\\/www.linkedin.com\\\/company\\\/truecommerce\",\"https:\\\/\\\/www.instagram.com\\\/truecommerce\\\/\"],\"description\":\"At TrueCommerce, we help businesses connect, automate, and grow, faster. Our mission is to drive customer success through innovation, speed, and a seamless, end-to-end experience.\",\"legalName\":\"TrueCommerce\"}]}<\/script>\n<!-- \/ Yoast SEO Premium plugin. -->","yoast_head_json":{"title":"Scan-Based-Trading-Software f\u00fcr Einzelhandel und VMI | TrueCommerce","description":"Scan Based Trading erm\u00f6glicht es Einzelh\u00e4ndlern, auf Vorabkosten f\u00fcr den Bestand zu verzichten, da sie Lieferanten erst dann bezahlen, wenn ein Artikel verkauft wird. Lieferanten erhalten mehr Kontrolle \u00fcber die gelagerten Best\u00e4nde, da ihnen Point of Sale Daten der Einzelh\u00e4ndler zur Verf\u00fcgung stehen.","robots":{"index":"index","follow":"follow","max-snippet":"max-snippet:-1","max-image-preview":"max-image-preview:large","max-video-preview":"max-video-preview:-1"},"canonical":"https:\/\/www.truecommerce.com\/de\/produkte\/vmi-software\/scan-based-trading\/","og_locale":"de_DE","og_type":"article","og_title":"Scan Based Trading","og_description":"Scan Based Trading erm\u00f6glicht es Einzelh\u00e4ndlern, auf Vorabkosten f\u00fcr den Bestand zu verzichten, da sie Lieferanten erst dann bezahlen, wenn ein Artikel verkauft wird. Lieferanten erhalten mehr Kontrolle \u00fcber die gelagerten Best\u00e4nde, da ihnen Point of Sale Daten der Einzelh\u00e4ndler zur Verf\u00fcgung stehen.","og_url":"https:\/\/www.truecommerce.com\/de\/produkte\/vmi-software\/scan-based-trading\/","og_site_name":"TrueCommerce","article_publisher":"https:\/\/www.facebook.com\/TrueCommerce","article_modified_time":"2026-04-30T14:20:14+00:00","og_image":[{"width":1584,"height":396,"url":"https:\/\/www.truecommerce.com\/wp-content\/uploads\/2026\/03\/LinkedIn_Personal-Profile_Dark_1584x396px_WithLogo.jpg","type":"image\/jpeg"}],"twitter_card":"summary_large_image","twitter_site":"@TrueCommerce","schema":{"@context":"https:\/\/schema.org","@graph":[{"@type":"WebPage","@id":"https:\/\/www.truecommerce.com\/de\/produkte\/vmi-software\/scan-based-trading\/","url":"https:\/\/www.truecommerce.com\/de\/produkte\/vmi-software\/scan-based-trading\/","name":"Scan-Based-Trading-Software f\u00fcr Einzelhandel und VMI | TrueCommerce","isPartOf":{"@id":"https:\/\/www.truecommerce.com\/de\/#website"},"datePublished":"2025-12-17T20:48:47+00:00","dateModified":"2026-04-30T14:20:14+00:00","description":"Scan Based Trading erm\u00f6glicht es Einzelh\u00e4ndlern, auf Vorabkosten f\u00fcr den Bestand zu verzichten, da sie Lieferanten erst dann bezahlen, wenn ein Artikel verkauft wird. Lieferanten erhalten mehr Kontrolle \u00fcber die gelagerten Best\u00e4nde, da ihnen Point of Sale Daten der Einzelh\u00e4ndler zur Verf\u00fcgung stehen.","breadcrumb":{"@id":"https:\/\/www.truecommerce.com\/de\/produkte\/vmi-software\/scan-based-trading\/#breadcrumb"},"inLanguage":"de","potentialAction":[{"@type":"ReadAction","target":["https:\/\/www.truecommerce.com\/de\/produkte\/vmi-software\/scan-based-trading\/"]}]},{"@type":"BreadcrumbList","@id":"https:\/\/www.truecommerce.com\/de\/produkte\/vmi-software\/scan-based-trading\/#breadcrumb","itemListElement":[{"@type":"ListItem","position":1,"name":"Home","item":"https:\/\/www.truecommerce.com\/de\/"},{"@type":"ListItem","position":2,"name":"Produkte","item":"https:\/\/www.truecommerce.com\/de\/products\/"},{"@type":"ListItem","position":3,"name":"VMI Platform","item":"https:\/\/www.truecommerce.com\/de\/produkte\/vmi-software\/"},{"@type":"ListItem","position":4,"name":"Scan Based Trading"}]},{"@type":"WebSite","@id":"https:\/\/www.truecommerce.com\/de\/#website","url":"https:\/\/www.truecommerce.com\/de\/","name":"TrueCommerce","description":"","publisher":{"@id":"https:\/\/www.truecommerce.com\/de\/#organization"},"potentialAction":[{"@type":"SearchAction","target":{"@type":"EntryPoint","urlTemplate":"https:\/\/www.truecommerce.com\/de\/?s={search_term_string}"},"query-input":{"@type":"PropertyValueSpecification","valueRequired":true,"valueName":"search_term_string"}}],"inLanguage":"de"},{"@type":"Organization","@id":"https:\/\/www.truecommerce.com\/de\/#organization","name":"TrueCommerce","url":"https:\/\/www.truecommerce.com\/de\/","logo":{"@type":"ImageObject","inLanguage":"de","@id":"https:\/\/www.truecommerce.com\/de\/#\/schema\/logo\/image\/","url":"https:\/\/www.truecommerce.com\/wp-content\/uploads\/2025\/12\/Icon_TrueCommerce-Logo_With-Border-and-Background.png","contentUrl":"https:\/\/www.truecommerce.com\/wp-content\/uploads\/2025\/12\/Icon_TrueCommerce-Logo_With-Border-and-Background.png","width":1200,"height":1200,"caption":"TrueCommerce"},"image":{"@id":"https:\/\/www.truecommerce.com\/de\/#\/schema\/logo\/image\/"},"sameAs":["https:\/\/www.facebook.com\/TrueCommerce","https:\/\/x.com\/TrueCommerce","https:\/\/www.linkedin.com\/company\/truecommerce","https:\/\/www.instagram.com\/truecommerce\/"],"description":"At TrueCommerce, we help businesses connect, automate, and grow, faster. Our mission is to drive customer success through innovation, speed, and a seamless, end-to-end experience.","legalName":"TrueCommerce"}]}},"_links":{"self":[{"href":"https:\/\/www.truecommerce.com\/de\/wp-json\/wp\/v2\/pages\/44771","targetHints":{"allow":["GET"]}}],"collection":[{"href":"https:\/\/www.truecommerce.com\/de\/wp-json\/wp\/v2\/pages"}],"about":[{"href":"https:\/\/www.truecommerce.com\/de\/wp-json\/wp\/v2\/types\/page"}],"author":[{"embeddable":true,"href":"https:\/\/www.truecommerce.com\/de\/wp-json\/wp\/v2\/users\/6"}],"replies":[{"embeddable":true,"href":"https:\/\/www.truecommerce.com\/de\/wp-json\/wp\/v2\/comments?post=44771"}],"version-history":[{"count":0,"href":"https:\/\/www.truecommerce.com\/de\/wp-json\/wp\/v2\/pages\/44771\/revisions"}],"up":[{"embeddable":true,"href":"https:\/\/www.truecommerce.com\/de\/wp-json\/wp\/v2\/pages\/35194"}],"wp:attachment":[{"href":"https:\/\/www.truecommerce.com\/de\/wp-json\/wp\/v2\/media?parent=44771"}],"curies":[{"name":"wp","href":"https:\/\/api.w.org\/{rel}","templated":true}]}}